{"id":8,"date":"2026-04-13T16:28:07","date_gmt":"2026-04-13T14:28:07","guid":{"rendered":"https:\/\/starnberg.pl\/?page_id=8"},"modified":"2026-04-13T16:28:07","modified_gmt":"2026-04-13T14:28:07","slug":"8-2","status":"publish","type":"page","link":"https:\/\/starnberg.pl\/","title":{"rendered":""},"content":{"rendered":"\n<div class=\"wp-block-cover alignfull has-accent-1-color has-text-color has-link-color wp-elements-128a975ecd5a83fb46bebd596eb9d8ba\" style=\"margin-top:0;margin-bottom:0;padding-top:200px;padding-right:var(--wp--preset--spacing--50);padding-bottom:200px;padding-left:var(--wp--preset--spacing--50);min-height:100vh;aspect-ratio:unset;\"><img loading=\"lazy\" decoding=\"async\" width=\"1024\" height=\"683\" class=\"wp-block-cover__image-background wp-image-10 size-large\" alt=\"\" src=\"http:\/\/starnberg.pl\/wp-content\/uploads\/2026\/04\/letiha-maisinger-gorge-938084-1024x683.jpg\" data-object-fit=\"cover\" srcset=\"https:\/\/starnberg.pl\/wp-content\/uploads\/2026\/04\/letiha-maisinger-gorge-938084-1024x683.jpg 1024w, https:\/\/starnberg.pl\/wp-content\/uploads\/2026\/04\/letiha-maisinger-gorge-938084-300x200.jpg 300w, https:\/\/starnberg.pl\/wp-content\/uploads\/2026\/04\/letiha-maisinger-gorge-938084-768x512.jpg 768w, https:\/\/starnberg.pl\/wp-content\/uploads\/2026\/04\/letiha-maisinger-gorge-938084-1536x1024.jpg 1536w, https:\/\/starnberg.pl\/wp-content\/uploads\/2026\/04\/letiha-maisinger-gorge-938084-2048x1365.jpg 2048w\" sizes=\"auto, (max-width: 1024px) 100vw, 1024px\" \/><span aria-hidden=\"true\" class=\"wp-block-cover__background has-background-dim-10 has-background-dim\" style=\"background-color:#627981\"><\/span><div class=\"wp-block-cover__inner-container has-global-padding is-layout-constrained wp-container-core-cover-is-layout-d47c59a2 wp-block-cover-is-layout-constrained\">\n<div class=\"wp-block-group is-vertical is-content-justification-center is-layout-flex wp-container-core-group-is-layout-ce155fab wp-block-group-is-layout-flex\"><\/div>\n\n\n\n<h3 class=\"wp-block-heading has-text-align-center has-xx-large-font-size\">Ju\u017c wkr\u00f3tce nadchodzi co\u015b wspania\u0142ego!<\/h3>\n\n\n\n<div class=\"wp-block-buttons is-content-justification-center is-layout-flex wp-container-core-buttons-is-layout-a89b3969 wp-block-buttons-is-layout-flex\">\n<div class=\"wp-block-button is-style-fill\"><a class=\"wp-block-button__link has-contrast-color has-accent-1-background-color has-text-color has-background has-link-color has-border-color has-accent-1-border-color wp-element-button\">starnberg.pl<\/a><\/div>\n<\/div>\n<\/div><\/div>\n\n\n\n<p><\/p>\n","protected":false},"excerpt":{"rendered":"","protected":false},"author":1,"featured_media":0,"parent":0,"menu_order":0,"comment_status":"closed","ping_status":"closed","template":"","meta":{"footnotes":""},"class_list":["post-8","page","type-page","status-publish","hentry"],"_links":{"self":[{"href":"https:\/\/starnberg.pl\/index.php?rest_route=\/wp\/v2\/pages\/8","targetHints":{"allow":["GET"]}}],"collection":[{"href":"https:\/\/starnberg.pl\/index.php?rest_route=\/wp\/v2\/pages"}],"about":[{"href":"https:\/\/starnberg.pl\/index.php?rest_route=\/wp\/v2\/types\/page"}],"author":[{"embeddable":true,"href":"https:\/\/starnberg.pl\/index.php?rest_route=\/wp\/v2\/users\/1"}],"replies":[{"embeddable":true,"href":"https:\/\/starnberg.pl\/index.php?rest_route=%2Fwp%2Fv2%2Fcomments&post=8"}],"version-history":[{"count":1,"href":"https:\/\/starnberg.pl\/index.php?rest_route=\/wp\/v2\/pages\/8\/revisions"}],"predecessor-version":[{"id":11,"href":"https:\/\/starnberg.pl\/index.php?rest_route=\/wp\/v2\/pages\/8\/revisions\/11"}],"wp:attachment":[{"href":"https:\/\/starnberg.pl\/index.php?rest_route=%2Fwp%2Fv2%2Fmedia&parent=8"}],"curies":[{"name":"wp","href":"https:\/\/api.w.org\/{rel}","templated":true}]}}